{"id":36,"date":"2023-11-07T17:10:09","date_gmt":"2023-11-07T16:10:09","guid":{"rendered":"https:\/\/thiemogerrit.de\/?page_id=36"},"modified":"2026-01-17T11:52:18","modified_gmt":"2026-01-17T10:52:18","slug":"handcrafted-music","status":"publish","type":"page","link":"https:\/\/thiemogerrit.de\/","title":{"rendered":"Handcrafted Music"},"content":{"rendered":"\n<div style=\"height:189px\" aria-hidden=\"true\" class=\"wp-block-spacer\"><\/div>\n\n\n\n<p class=\"has-text-align-center has-xxl-font-size\">Handcrafted Music f\u00fcr Ihr Event!<\/p>\n\n\n\n<div style=\"height:16px\" aria-hidden=\"true\" class=\"wp-block-spacer\"><\/div>\n\n\n\n<p><\/p>\n\n\n\n<p>Meine One-Man-Show mit Gitarre und Gesang bringt Coversongs aus Country, Rock \u2019n\u2018 Roll und Blues, verbunden durch kurzweilige Moderation und auch eigene, authentische Songs. Ich, Thiemo Gerrit lebe handgemachte Musik und den Blues! Ich kann beides \u2013 leise und laut, schnell und langsam, wie auch hell und dunkel. Von Hintergrunduntermalung beim Sektempfang oder Dinner bis zur Partyshow ist alles m\u00f6glich. Als Rundum-sorglos-Paket stelle ich dabei nat\u00fcrlich auch die passende Sound-Anlage und Lichttechnik. Eine Besonderheit ist mein Spezialprogramm f\u00fcr Classic Car Events.<\/p>\n\n\n\n<div style=\"height:65px\" aria-hidden=\"true\" class=\"wp-block-spacer\"><\/div>\n\n\n\n<h2 class=\"wp-block-heading\">Booking\/Contact<\/h2>\n\n\n\n<p>Phone: +49 176 78686882<\/p>\n\n\n\n<p>Mail: t.guitar@t-online.de<\/p>\n","protected":false},"excerpt":{"rendered":"<p>Handcrafted Music f\u00fcr Ihr Event! Meine One-Man-Show mit Gitarre und Gesang bringt Coversongs aus Country, Rock \u2019n\u2018 Roll und Blues,<span class=\"more-dots\">&#8230;<\/span><\/p>\n","protected":false},"author":1,"featured_media":0,"parent":0,"menu_order":0,"comment_status":"closed","ping_status":"closed","template":"","meta":{"footnotes":""},"class_list":["post-36","page","type-page","status-publish","hentry","no-post-thumbnail"],"_links":{"self":[{"href":"https:\/\/thiemogerrit.de\/index.php?rest_route=\/wp\/v2\/pages\/36","targetHints":{"allow":["GET"]}}],"collection":[{"href":"https:\/\/thiemogerrit.de\/index.php?rest_route=\/wp\/v2\/pages"}],"about":[{"href":"https:\/\/thiemogerrit.de\/index.php?rest_route=\/wp\/v2\/types\/page"}],"author":[{"embeddable":true,"href":"https:\/\/thiemogerrit.de\/index.php?rest_route=\/wp\/v2\/users\/1"}],"replies":[{"embeddable":true,"href":"https:\/\/thiemogerrit.de\/index.php?rest_route=%2Fwp%2Fv2%2Fcomments&post=36"}],"version-history":[{"count":27,"href":"https:\/\/thiemogerrit.de\/index.php?rest_route=\/wp\/v2\/pages\/36\/revisions"}],"predecessor-version":[{"id":195,"href":"https:\/\/thiemogerrit.de\/index.php?rest_route=\/wp\/v2\/pages\/36\/revisions\/195"}],"wp:attachment":[{"href":"https:\/\/thiemogerrit.de\/index.php?rest_route=%2Fwp%2Fv2%2Fmedia&parent=36"}],"curies":[{"name":"wp","href":"https:\/\/api.w.org\/{rel}","templated":true}]}}