{"id":58,"date":"2023-11-15T16:30:09","date_gmt":"2023-11-15T15:30:09","guid":{"rendered":"https:\/\/thiemogerrit.de\/?page_id=58"},"modified":"2023-12-11T11:15:17","modified_gmt":"2023-12-11T10:15:17","slug":"releases","status":"publish","type":"page","link":"https:\/\/thiemogerrit.de\/?page_id=58","title":{"rendered":"Releases"},"content":{"rendered":"\n<h2 class=\"wp-block-heading\">Silent Train<\/h2>\n\n\n\n<p>Diesem Song liegt eine wahre Geschichte zugrunde. An einem Sonntag Abend auf dem R\u00fcckweg aus dem Wochenende befand ich mich in einem \u00fcberdurchschnittlich stark gef\u00fcllten Zug. Dennoch herrschte w\u00e4hrend der gesamten dreiviertelst\u00fcndigen Fahrt fast g\u00e4nzliche Stille in dieser Bahn, nur die automatisierten Ansagen unterbrachen diese Zeit \u00fcberdeutlich. Eingesungen ist der Song zusammen mit Emily Schlegl.<\/p>\n\n\n\n<figure class=\"wp-block-video\"><video height=\"1080\" style=\"aspect-ratio: 1080 \/ 1080;\" width=\"1080\" controls src=\"https:\/\/thiemogerrit.de\/wp-content\/uploads\/2023\/11\/Silent-Train.mp4\"><\/video><\/figure>\n\n\n\n<h2 class=\"wp-block-heading\">Blues &amp; More<\/h2>\n\n\n\n<p class=\"has-medium-font-size\">Mein Album &#8211; verf\u00fcgbar auf allen digitalen Kan\u00e4len und als CD<\/p>\n\n\n\n<p>Mein Album \u2013 verf\u00fcgbar auf allen digitalen Kan\u00e4len und als CD<\/p>\n\n\n\n<p>Das Album Blues &amp; More entstand als Idee noch w\u00e4hrend meiner Schulzeit im Jahr 2016. Nach vielen Monaten harter Arbeit ist es seit 2019 auf allen digitalen Kan\u00e4len verf\u00fcgbar, sowie seit 2018 als CD zu erwerben (bitte Kontakt nutzen). Das Album enth\u00e4lt 12 Songs, davon sind 8 Eigenkompositionen. Der Titelsong \u201aCorvette C3 Blues\u2018 handelt von meinem Traumauto, einer Corvette C3. F\u00fcr einen Sch\u00fcler oder Student ist dieser Traum nahezu unm\u00f6glich erreichbar. Also macht man das N\u00e4chstbeste und schreibt einen Blues dar\u00fcber, dass es an Geld und einer Garage f\u00fcr den Lebenstraum fehlt. Die pr\u00e4gnante Bluesharp f\u00fcr den Titelsong wurde von Clemens Simon eingespielt.<\/p>\n\n\n\n<figure class=\"wp-block-video\"><video height=\"1080\" style=\"aspect-ratio: 1080 \/ 1080;\" width=\"1080\" controls src=\"https:\/\/thiemogerrit.de\/wp-content\/uploads\/2023\/11\/Corvette-C3-Blues.mp4\"><\/video><\/figure>\n\n\n\n<p class=\"has-huge-font-size\">zur kompletten Blues and More Playlist: <\/p>\n\n\n\n<p><a href=\"https:\/\/youtube.com\/playlist?list=OLAK5uy_lKnEV78ob-UNns0j2IaOODqX_gqtCbhgo&amp;feature=shared\">https:\/\/youtube.com\/playlist?list=OLAK5uy_lKnEV78ob-UNns0j2IaOODqX_gqtCbhgo&amp;feature=s<\/a><\/p>\n","protected":false},"excerpt":{"rendered":"<p>Silent Train Diesem Song liegt eine wahre Geschichte zugrunde. An einem Sonntag Abend auf dem R\u00fcckweg aus dem Wochenende befand<span class=\"more-dots\">&#8230;<\/span><\/p>\n","protected":false},"author":1,"featured_media":0,"parent":0,"menu_order":0,"comment_status":"closed","ping_status":"closed","template":"","meta":{"footnotes":""},"class_list":["post-58","page","type-page","status-publish","hentry","no-post-thumbnail"],"_links":{"self":[{"href":"https:\/\/thiemogerrit.de\/index.php?rest_route=\/wp\/v2\/pages\/58","targetHints":{"allow":["GET"]}}],"collection":[{"href":"https:\/\/thiemogerrit.de\/index.php?rest_route=\/wp\/v2\/pages"}],"about":[{"href":"https:\/\/thiemogerrit.de\/index.php?rest_route=\/wp\/v2\/types\/page"}],"author":[{"embeddable":true,"href":"https:\/\/thiemogerrit.de\/index.php?rest_route=\/wp\/v2\/users\/1"}],"replies":[{"embeddable":true,"href":"https:\/\/thiemogerrit.de\/index.php?rest_route=%2Fwp%2Fv2%2Fcomments&post=58"}],"version-history":[{"count":4,"href":"https:\/\/thiemogerrit.de\/index.php?rest_route=\/wp\/v2\/pages\/58\/revisions"}],"predecessor-version":[{"id":176,"href":"https:\/\/thiemogerrit.de\/index.php?rest_route=\/wp\/v2\/pages\/58\/revisions\/176"}],"wp:attachment":[{"href":"https:\/\/thiemogerrit.de\/index.php?rest_route=%2Fwp%2Fv2%2Fmedia&parent=58"}],"curies":[{"name":"wp","href":"https:\/\/api.w.org\/{rel}","templated":true}]}}